{"id":38,"date":"2017-11-09T17:33:00","date_gmt":"2017-11-09T22:33:00","guid":{"rendered":"http:\/\/operadores.chavintours.com.pe\/?page_id=38"},"modified":"2017-11-17T12:41:50","modified_gmt":"2017-11-17T17:41:50","slug":"nosotros","status":"publish","type":"page","link":"http:\/\/operadores.chavintours.com.pe\/?page_id=38","title":{"rendered":"NOSOTROS"},"content":{"rendered":"<p style=\"text-align: justify;\">Somos Operadores de Turismo Chav\u00edn Tours SAC, con 30 a\u00f1os de experiencia, nos especializamos servicios tur\u00edsticos de calidad; difundiendo la belleza y bondades de nuestra regi\u00f3n a nivel nacional e internacional. Ofrecemos los mejores paquetes, tours y experiencias en turismo convencional, aventura y vivencial.<\/p>\n<p style=\"text-align: justify;\">Nuestro objetivo es mantener la calidad y enfocarnos en seguir renovando, diversificando e innovando nuestros productos, utilizando nuevos m\u00e9todos para brindar un servicio de calidad y garant\u00eda, con un especial cuidado en la atenci\u00f3n personalizada.<\/p>\n<p style=\"text-align: justify;\">Nuestra empresa cuenta con un selecto grupo de profesionales experimentados; as\u00ed como infraestructura propia, con socios estrat\u00e9gicos en la ciudad de Lima, Cusco y Huaraz.<\/p>\n<p>Busc\u00e1mos lograr de cada viaje una experiencia inolvidable, por lo que cada producto y servicio ha sido dise\u00f1ado cuidadosamente por profesionales conocedores del rubro; as\u00ed como por el constante feedback que monitoreamos con nuestros clientes.<\/p>\n<p style=\"text-align: justify;\">Esperamos servirlos pronto con eficiencia y dedicaci\u00f3n.<\/p>\n","protected":false},"excerpt":{"rendered":"<p>Somos Operadores de Turismo Chav\u00edn Tours SAC, con 30 a\u00f1os de experiencia, nos especializamos servicios tur\u00edsticos de calidad; difundiendo la belleza y bondades de nuestra regi\u00f3n a nivel nacional e internacional. Ofrecemos los mejores paquetes, tours y experiencias en turismo &hellip; <a href=\"http:\/\/operadores.chavintours.com.pe\/?page_id=38\">Continuar<\/a><\/p>\n","protected":false},"author":1,"featured_media":107,"parent":0,"menu_order":0,"comment_status":"closed","ping_status":"closed","template":"page-feature.php","meta":{"kt_blocks_editor_width":""},"yoast_head":"<!-- This site is optimized with the Yoast SEO plugin v20.9 - https:\/\/yoast.com\/wordpress\/plugins\/seo\/ -->\r\n<title>NOSOTROS - Operadores de Turismo Chav\u00edn Tours<\/title>\r\n<meta name=\"robots\" content=\"index, follow, max-snippet:-1, max-image-preview:large, max-video-preview:-1\" \/>\r\n<link rel=\"canonical\" href=\"http:\/\/operadores.chavintours.com.pe\/?page_id=38\" \/>\r\n<meta property=\"og:locale\" content=\"es_ES\" \/>\r\n<meta property=\"og:type\" content=\"article\" \/>\r\n<meta property=\"og:title\" content=\"NOSOTROS - Operadores de Turismo Chav\u00edn Tours\" \/>\r\n<meta property=\"og:description\" content=\"Somos Operadores de Turismo Chav\u00edn Tours SAC, con 30 a\u00f1os de experiencia, nos especializamos servicios tur\u00edsticos de calidad; difundiendo la belleza y bondades de nuestra regi\u00f3n a nivel nacional e internacional. Ofrecemos los mejores paquetes, tours y experiencias en turismo &hellip; Continuar\" \/>\r\n<meta property=\"og:url\" content=\"http:\/\/operadores.chavintours.com.pe\/?page_id=38\" \/>\r\n<meta property=\"og:site_name\" content=\"Operadores de Turismo Chav\u00edn Tours\" \/>\r\n<meta property=\"article:modified_time\" content=\"2017-11-17T17:41:50+00:00\" \/>\r\n<meta property=\"og:image\" content=\"http:\/\/operadores.chavintours.com.pe\/wp-content\/uploads\/2017\/11\/Operadores-de-Turismo-2.jpg\" \/>\r\n\t<meta property=\"og:image:width\" content=\"1080\" \/>\r\n\t<meta property=\"og:image:height\" content=\"394\" \/>\r\n\t<meta property=\"og:image:type\" content=\"image\/jpeg\" \/>\r\n<meta name=\"twitter:card\" content=\"summary_large_image\" \/>\r\n<meta name=\"twitter:label1\" content=\"Tiempo de lectura\" \/>\n\t<meta name=\"twitter:data1\" content=\"1 minuto\" \/>\r\n<script type=\"application\/ld+json\" class=\"yoast-schema-graph\">{\"@context\":\"https:\/\/schema.org\",\"@graph\":[{\"@type\":\"WebPage\",\"@id\":\"http:\/\/operadores.chavintours.com.pe\/?page_id=38\",\"url\":\"http:\/\/operadores.chavintours.com.pe\/?page_id=38\",\"name\":\"NOSOTROS - Operadores de Turismo Chav\u00edn Tours\",\"isPartOf\":{\"@id\":\"http:\/\/operadores.chavintours.com.pe\/#website\"},\"datePublished\":\"2017-11-09T22:33:00+00:00\",\"dateModified\":\"2017-11-17T17:41:50+00:00\",\"breadcrumb\":{\"@id\":\"http:\/\/operadores.chavintours.com.pe\/?page_id=38#breadcrumb\"},\"inLanguage\":\"es\",\"potentialAction\":[{\"@type\":\"ReadAction\",\"target\":[\"http:\/\/operadores.chavintours.com.pe\/?page_id=38\"]}]},{\"@type\":\"BreadcrumbList\",\"@id\":\"http:\/\/operadores.chavintours.com.pe\/?page_id=38#breadcrumb\",\"itemListElement\":[{\"@type\":\"ListItem\",\"position\":1,\"name\":\"Portada\",\"item\":\"http:\/\/operadores.chavintours.com.pe\/\"},{\"@type\":\"ListItem\",\"position\":2,\"name\":\"NOSOTROS\"}]},{\"@type\":\"WebSite\",\"@id\":\"http:\/\/operadores.chavintours.com.pe\/#website\",\"url\":\"http:\/\/operadores.chavintours.com.pe\/\",\"name\":\"Operadores de Turismo Chav\u00edn Tours\",\"description\":\"Agencia de viajes y Turismo especializada en el Per\u00fa como destino, con sede en Huaraz.\",\"publisher\":{\"@id\":\"http:\/\/operadores.chavintours.com.pe\/#organization\"},\"potentialAction\":[{\"@type\":\"SearchAction\",\"target\":{\"@type\":\"EntryPoint\",\"urlTemplate\":\"http:\/\/operadores.chavintours.com.pe\/?s={search_term_string}\"},\"query-input\":\"required name=search_term_string\"}],\"inLanguage\":\"es\"},{\"@type\":\"Organization\",\"@id\":\"http:\/\/operadores.chavintours.com.pe\/#organization\",\"name\":\"Operadores de Turismo Chav\u00edn Tours\",\"url\":\"http:\/\/operadores.chavintours.com.pe\/\",\"logo\":{\"@type\":\"ImageObject\",\"inLanguage\":\"es\",\"@id\":\"http:\/\/operadores.chavintours.com.pe\/#\/schema\/logo\/image\/\",\"url\":\"http:\/\/operadores.chavintours.com.pe\/wp-content\/uploads\/2017\/11\/Logo-Web_Chico.png\",\"contentUrl\":\"http:\/\/operadores.chavintours.com.pe\/wp-content\/uploads\/2017\/11\/Logo-Web_Chico.png\",\"width\":138,\"height\":75,\"caption\":\"Operadores de Turismo Chav\u00edn Tours\"},\"image\":{\"@id\":\"http:\/\/operadores.chavintours.com.pe\/#\/schema\/logo\/image\/\"}}]}<\/script>\r\n<!-- \/ Yoast SEO plugin. -->","yoast_head_json":{"title":"NOSOTROS - Operadores de Turismo Chav\u00edn Tours","robots":{"index":"index","follow":"follow","max-snippet":"max-snippet:-1","max-image-preview":"max-image-preview:large","max-video-preview":"max-video-preview:-1"},"canonical":"http:\/\/operadores.chavintours.com.pe\/?page_id=38","og_locale":"es_ES","og_type":"article","og_title":"NOSOTROS - Operadores de Turismo Chav\u00edn Tours","og_description":"Somos Operadores de Turismo Chav\u00edn Tours SAC, con 30 a\u00f1os de experiencia, nos especializamos servicios tur\u00edsticos de calidad; difundiendo la belleza y bondades de nuestra regi\u00f3n a nivel nacional e internacional. Ofrecemos los mejores paquetes, tours y experiencias en turismo &hellip; Continuar","og_url":"http:\/\/operadores.chavintours.com.pe\/?page_id=38","og_site_name":"Operadores de Turismo Chav\u00edn Tours","article_modified_time":"2017-11-17T17:41:50+00:00","og_image":[{"width":1080,"height":394,"url":"http:\/\/operadores.chavintours.com.pe\/wp-content\/uploads\/2017\/11\/Operadores-de-Turismo-2.jpg","type":"image\/jpeg"}],"twitter_card":"summary_large_image","twitter_misc":{"Tiempo de lectura":"1 minuto"},"schema":{"@context":"https:\/\/schema.org","@graph":[{"@type":"WebPage","@id":"http:\/\/operadores.chavintours.com.pe\/?page_id=38","url":"http:\/\/operadores.chavintours.com.pe\/?page_id=38","name":"NOSOTROS - Operadores de Turismo Chav\u00edn Tours","isPartOf":{"@id":"http:\/\/operadores.chavintours.com.pe\/#website"},"datePublished":"2017-11-09T22:33:00+00:00","dateModified":"2017-11-17T17:41:50+00:00","breadcrumb":{"@id":"http:\/\/operadores.chavintours.com.pe\/?page_id=38#breadcrumb"},"inLanguage":"es","potentialAction":[{"@type":"ReadAction","target":["http:\/\/operadores.chavintours.com.pe\/?page_id=38"]}]},{"@type":"BreadcrumbList","@id":"http:\/\/operadores.chavintours.com.pe\/?page_id=38#breadcrumb","itemListElement":[{"@type":"ListItem","position":1,"name":"Portada","item":"http:\/\/operadores.chavintours.com.pe\/"},{"@type":"ListItem","position":2,"name":"NOSOTROS"}]},{"@type":"WebSite","@id":"http:\/\/operadores.chavintours.com.pe\/#website","url":"http:\/\/operadores.chavintours.com.pe\/","name":"Operadores de Turismo Chav\u00edn Tours","description":"Agencia de viajes y Turismo especializada en el Per\u00fa como destino, con sede en Huaraz.","publisher":{"@id":"http:\/\/operadores.chavintours.com.pe\/#organization"},"potentialAction":[{"@type":"SearchAction","target":{"@type":"EntryPoint","urlTemplate":"http:\/\/operadores.chavintours.com.pe\/?s={search_term_string}"},"query-input":"required name=search_term_string"}],"inLanguage":"es"},{"@type":"Organization","@id":"http:\/\/operadores.chavintours.com.pe\/#organization","name":"Operadores de Turismo Chav\u00edn Tours","url":"http:\/\/operadores.chavintours.com.pe\/","logo":{"@type":"ImageObject","inLanguage":"es","@id":"http:\/\/operadores.chavintours.com.pe\/#\/schema\/logo\/image\/","url":"http:\/\/operadores.chavintours.com.pe\/wp-content\/uploads\/2017\/11\/Logo-Web_Chico.png","contentUrl":"http:\/\/operadores.chavintours.com.pe\/wp-content\/uploads\/2017\/11\/Logo-Web_Chico.png","width":138,"height":75,"caption":"Operadores de Turismo Chav\u00edn Tours"},"image":{"@id":"http:\/\/operadores.chavintours.com.pe\/#\/schema\/logo\/image\/"}}]}},"_links":{"self":[{"href":"http:\/\/operadores.chavintours.com.pe\/index.php?rest_route=\/wp\/v2\/pages\/38"}],"collection":[{"href":"http:\/\/operadores.chavintours.com.pe\/index.php?rest_route=\/wp\/v2\/pages"}],"about":[{"href":"http:\/\/operadores.chavintours.com.pe\/index.php?rest_route=\/wp\/v2\/types\/page"}],"author":[{"embeddable":true,"href":"http:\/\/operadores.chavintours.com.pe\/index.php?rest_route=\/wp\/v2\/users\/1"}],"replies":[{"embeddable":true,"href":"http:\/\/operadores.chavintours.com.pe\/index.php?rest_route=%2Fwp%2Fv2%2Fcomments&post=38"}],"version-history":[{"count":3,"href":"http:\/\/operadores.chavintours.com.pe\/index.php?rest_route=\/wp\/v2\/pages\/38\/revisions"}],"predecessor-version":[{"id":106,"href":"http:\/\/operadores.chavintours.com.pe\/index.php?rest_route=\/wp\/v2\/pages\/38\/revisions\/106"}],"wp:featuredmedia":[{"embeddable":true,"href":"http:\/\/operadores.chavintours.com.pe\/index.php?rest_route=\/wp\/v2\/media\/107"}],"wp:attachment":[{"href":"http:\/\/operadores.chavintours.com.pe\/index.php?rest_route=%2Fwp%2Fv2%2Fmedia&parent=38"}],"curies":[{"name":"wp","href":"https:\/\/api.w.org\/{rel}","templated":true}]}}